{"id":55,"date":"2015-10-14T09:26:43","date_gmt":"2015-10-14T08:26:43","guid":{"rendered":"http:\/\/foxgraph.fr\/?page_id=55"},"modified":"2018-05-30T21:36:11","modified_gmt":"2018-05-30T20:36:11","slug":"contactez-moi","status":"publish","type":"page","link":"https:\/\/foxgraph.fr\/index.php\/contactez-moi\/","title":{"rendered":"Contactez-moi"},"content":{"rendered":"<p>[et_pb_section bb_built=\u00a0\u00bb1&Prime; custom_padding_last_edited=\u00a0\u00bbon|desktop\u00a0\u00bb next_background_color=\u00a0\u00bbrgba(0,0,0,0)\u00a0\u00bb _builder_version=\u00a0\u00bb3.4.1&Prime; background_color=\u00a0\u00bb#ffffff\u00a0\u00bb background_image=\u00a0\u00bbhttps:\/\/foxgraph.fr\/wp-content\/uploads\/2018\/05\/lapinou.jpg\u00a0\u00bb custom_padding_tablet=\u00a0\u00bb50px|0|50px|0&Prime; bottom_divider_style=\u00a0\u00bbwave2&Prime; bottom_divider_flip=\u00a0\u00bbhorizontal\u00a0\u00bb bottom_divider_color=\u00a0\u00bb#222222&Prime;][et_pb_row custom_padding=\u00a0\u00bb|||\u00a0\u00bb module_class=\u00a0\u00bbfox2018_header\u00a0\u00bb _builder_version=\u00a0\u00bb3.4.1&Prime; background_size=\u00a0\u00bbinitial\u00a0\u00bb background_position=\u00a0\u00bbtop_left\u00a0\u00bb background_repeat=\u00a0\u00bbrepeat\u00a0\u00bb][et_pb_column type=\u00a0\u00bb4_4&Prime;][et_pb_text module_class=\u00a0\u00bbfox2018_projet\u00a0\u00bb _builder_version=\u00a0\u00bb3.4.1&Prime; header_font_size_last_edited=\u00a0\u00bboff|desktop\u00a0\u00bb text_orientation=\u00a0\u00bbcenter\u00a0\u00bb]<\/p>\n<h1>Contactez-moi<\/h1>\n<h3>Demande de devis<\/h3>\n<p>[\/et_pb_text][\/et_pb_column][\/et_pb_row][\/et_pb_section][et_pb_section bb_built=\u00a0\u00bb1&Prime; _builder_version=\u00a0\u00bb3.4.1&Prime; background_color=\u00a0\u00bbrgba(0,0,0,0)\u00a0\u00bb prev_background_color=\u00a0\u00bb#ffffff\u00a0\u00bb][et_pb_row custom_padding=\u00a0\u00bb38.3906px|0px|181px|0px|false|false\u00a0\u00bb _builder_version=\u00a0\u00bb3.4.1&Prime;][et_pb_column type=\u00a0\u00bb4_4&Prime;][et_pb_text _builder_version=\u00a0\u00bb3.4.1&Prime; text_font=\u00a0\u00bb|700|||||||\u00a0\u00bb text_text_color=\u00a0\u00bbrgba(255,255,255,0.5)\u00a0\u00bb header_2_text_color=\u00a0\u00bb#d74a1d\u00a0\u00bb header_3_text_color=\u00a0\u00bb#ffffff\u00a0\u00bb max_width=\u00a0\u00bb63%\u00a0\u00bb max_width_last_edited=\u00a0\u00bbon|phone\u00a0\u00bb module_alignment=\u00a0\u00bbcenter\u00a0\u00bb]<\/p>\n<h2 style=\"text-align: center\"><i class=\"fas fa-envelope-open\"><\/i><\/h2>\n<h2 style=\"text-align: center\">Demande de prestation&nbsp;ou renseignements<\/h2>\n<p style=\"text-align: center\">Vous souhaitez me contacter pour une demande de devis ou pour plus d\u2019informations, remplissez ce formulaire et je vous r\u00e9pondrai rapidement.&nbsp;Vous pouvez aussi me t\u00e9l\u00e9phoner au&nbsp;06.81.18.79.99<\/p>\n<p>[\/et_pb_text][et_pb_divider _builder_version=\u00a0\u00bb3.4.1&Prime; show_divider=\u00a0\u00bboff\u00a0\u00bb \/][et_pb_text _builder_version=\u00a0\u00bb3.4.1&Prime; text_font=\u00a0\u00bb|700|||||||\u00a0\u00bb text_text_color=\u00a0\u00bbrgba(255,255,255,0.5)\u00a0\u00bb header_2_text_color=\u00a0\u00bb#d74a1d\u00a0\u00bb header_3_text_color=\u00a0\u00bb#ffffff\u00a0\u00bb max_width=\u00a0\u00bb63%\u00a0\u00bb max_width_last_edited=\u00a0\u00bbon|phone\u00a0\u00bb module_alignment=\u00a0\u00bbcenter\u00a0\u00bb]<\/p>\n\n<div class=\"wpcf7 no-js\" id=\"wpcf7-f2164-o1\" lang=\"fr-FR\" dir=\"ltr\">\n<div class=\"screen-reader-response\"><p role=\"status\" aria-live=\"polite\" aria-atomic=\"true\"><\/p> <ul><\/ul><\/div>\n<form action=\"\/index.php\/wp-json\/wp\/v2\/pages\/55#wpcf7-f2164-o1\" method=\"post\" class=\"wpcf7-form init\" aria-label=\"Formulaire de contact\" novalidate=\"novalidate\" data-status=\"init\">\n<div style=\"display: none;\">\n<input type=\"hidden\" name=\"_wpcf7\" value=\"2164\" \/>\n<input type=\"hidden\" name=\"_wpcf7_version\" value=\"5.7.7\" \/>\n<input type=\"hidden\" name=\"_wpcf7_locale\" value=\"fr_FR\" \/>\n<input type=\"hidden\" name=\"_wpcf7_unit_tag\" value=\"wpcf7-f2164-o1\" \/>\n<input type=\"hidden\" name=\"_wpcf7_container_post\" value=\"0\" \/>\n<input type=\"hidden\" name=\"_wpcf7_posted_data_hash\" value=\"\" \/>\n<input type=\"hidden\" name=\"_wpcf7_recaptcha_response\" value=\"\" \/>\n<\/div>\n<h3 style=\"text-align: center\">Contactez-moi\n<\/h3>\n<div class=\"fox2018_formcontact\">\n\t<div class=\"fox2018_formcontact_item\">\n\t\t<p><span class=\"wpcf7-form-control-wrap\" data-name=\"text-497\"><input size=\"40\" class=\"wpcf7-form-control wpcf7-text wpcf7-validates-as-required\" aria-required=\"true\" aria-invalid=\"false\" placeholder=\"Nom et Pr\u00e9nom\" value=\"\" type=\"text\" name=\"text-497\" \/><\/span>\n\t\t<\/p>\n\t<\/div>\n\t<div class=\"fox2018_formcontact_item\">\n\t\t<p><span class=\"wpcf7-form-control-wrap\" data-name=\"email-483\"><input size=\"40\" class=\"wpcf7-form-control wpcf7-text wpcf7-email wpcf7-validates-as-required wpcf7-validates-as-email\" aria-required=\"true\" aria-invalid=\"false\" placeholder=\"Email\" value=\"\" type=\"email\" name=\"email-483\" \/><\/span>\n\t\t<\/p>\n\t<\/div>\n\t<div class=\"fox2018_formcontact_item_full\">\n\t\t<p><span class=\"wpcf7-form-control-wrap\" data-name=\"textarea-55\"><textarea cols=\"40\" rows=\"10\" class=\"wpcf7-form-control wpcf7-textarea wpcf7-validates-as-required\" id=\"textarea\" aria-required=\"true\" aria-invalid=\"false\" placeholder=\"Votre message\" name=\"textarea-55\"><\/textarea><\/span>\n\t\t<\/p>\n\t\t<p><input class=\"wpcf7-form-control has-spinner wpcf7-submit\" type=\"submit\" value=\"Envoyer\" \/>\n\t\t<\/p>\n\t<\/div>\n<\/div><p style=\"display: none !important;\" class=\"akismet-fields-container\" data-prefix=\"_wpcf7_ak_\"><label>&#916;<textarea name=\"_wpcf7_ak_hp_textarea\" cols=\"45\" rows=\"8\" maxlength=\"100\"><\/textarea><\/label><input type=\"hidden\" id=\"ak_js_1\" name=\"_wpcf7_ak_js\" value=\"79\"\/><script type=\"text\/javascript\">\ndocument.getElementById( \"ak_js_1\" ).setAttribute( \"value\", ( new Date() ).getTime() );\n<\/script>\n<\/p><div class=\"wpcf7-response-output\" aria-hidden=\"true\"><\/div>\n<\/form>\n<\/div>\n\n<p>[\/et_pb_text][\/et_pb_column][\/et_pb_row][\/et_pb_section]<\/p>\n","protected":false},"excerpt":{"rendered":"<p>Vous souhaitez me contacter pour une demande de devis ou pour plus d&rsquo;informations, remplissez ce formulaire et je vous r\u00e9pondrai rapidement.<\/p>\n","protected":false},"author":1,"featured_media":0,"parent":0,"menu_order":0,"comment_status":"closed","ping_status":"closed","template":"","meta":{"jetpack_post_was_ever_published":false},"aioseo_notices":[],"jetpack_sharing_enabled":true,"_links":{"self":[{"href":"https:\/\/foxgraph.fr\/index.php\/wp-json\/wp\/v2\/pages\/55"}],"collection":[{"href":"https:\/\/foxgraph.fr\/index.php\/wp-json\/wp\/v2\/pages"}],"about":[{"href":"https:\/\/foxgraph.fr\/index.php\/wp-json\/wp\/v2\/types\/page"}],"author":[{"embeddable":true,"href":"https:\/\/foxgraph.fr\/index.php\/wp-json\/wp\/v2\/users\/1"}],"replies":[{"embeddable":true,"href":"https:\/\/foxgraph.fr\/index.php\/wp-json\/wp\/v2\/comments?post=55"}],"version-history":[{"count":38,"href":"https:\/\/foxgraph.fr\/index.php\/wp-json\/wp\/v2\/pages\/55\/revisions"}],"predecessor-version":[{"id":2406,"href":"https:\/\/foxgraph.fr\/index.php\/wp-json\/wp\/v2\/pages\/55\/revisions\/2406"}],"wp:attachment":[{"href":"https:\/\/foxgraph.fr\/index.php\/wp-json\/wp\/v2\/media?parent=55"}],"curies":[{"name":"wp","href":"https:\/\/api.w.org\/{rel}","templated":true}]}}